{"id":24,"date":"2023-12-12T21:04:40","date_gmt":"2023-12-12T21:04:40","guid":{"rendered":"https:\/\/ursulatrueb.ch\/?page_id=24"},"modified":"2024-07-02T09:15:01","modified_gmt":"2024-07-02T09:15:01","slug":"person","status":"publish","type":"page","link":"https:\/\/ursulatrueb.ch\/index.php\/person\/","title":{"rendered":"Person"},"content":{"rendered":"\t\t<div data-elementor-type=\"wp-page\" data-elementor-id=\"24\" class=\"elementor elementor-24\">\n\t\t\t\t<div class=\"elementor-element elementor-element-c3ec486 e-flex e-con-boxed e-con e-parent\" data-id=\"c3ec486\" data-element_type=\"container\" data-settings=\"{&quot;content_width&quot;:&quot;boxed&quot;}\" data-core-v316-plus=\"true\">\n\t\t\t\t\t<div class=\"e-con-inner\">\n\t\t\t\t<div class=\"elementor-element elementor-element-2a3a54b elementor-widget elementor-widget-text-editor\" data-id=\"2a3a54b\" data-element_type=\"widget\" data-widget_type=\"text-editor.default\">\n\t\t\t\t<div class=\"elementor-widget-container\">\n\t\t\t<style>\/*! elementor - v3.19.0 - 26-02-2024 *\/\n.elementor-widget-text-editor.elementor-drop-cap-view-stacked .elementor-drop-cap{background-color:#69727d;color:#fff}.elementor-widget-text-editor.elementor-drop-cap-view-framed .elementor-drop-cap{color:#69727d;border:3px solid;background-color:transparent}.elementor-widget-text-editor:not(.elementor-drop-cap-view-default) .elementor-drop-cap{margin-top:8px}.elementor-widget-text-editor:not(.elementor-drop-cap-view-default) .elementor-drop-cap-letter{width:1em;height:1em}.elementor-widget-text-editor .elementor-drop-cap{float:left;text-align:center;line-height:1;font-size:50px}.elementor-widget-text-editor .elementor-drop-cap-letter{display:inline-block}<\/style>\t\t\t\t<h1><strong>Zu meiner Person<\/strong><\/h1><p>Nach meiner Ausbildung zur Werklehrerin habe ich an einem Figurentheater mitgearbeitet (Figuren gestaltet und gespielt). Danach arbeitete ich lange als Offsetdruckerin. In dieser auch k\u00f6rperlich anstrengenden Arbeit wurde mir der sinnvolle Einsatz der K\u00f6rperkraft und Beweglichkeit mehr und mehr bewusst.<\/p>\t\t\t\t\t\t<\/div>\n\t\t\t\t<\/div>\n\t\t\t\t\t<\/div>\n\t\t\t\t<\/div>\n\t\t<div class=\"elementor-element elementor-element-c7d4a52 e-flex e-con-boxed e-con e-parent\" data-id=\"c7d4a52\" data-element_type=\"container\" data-settings=\"{&quot;content_width&quot;:&quot;boxed&quot;}\" data-core-v316-plus=\"true\">\n\t\t\t\t\t<div class=\"e-con-inner\">\n\t\t<div class=\"elementor-element elementor-element-7b4b09c e-con-full e-flex e-con e-child\" data-id=\"7b4b09c\" data-element_type=\"container\" data-settings=\"{&quot;content_width&quot;:&quot;full&quot;}\">\n\t\t\t\t<div class=\"elementor-element elementor-element-8c121a5 elementor-widget elementor-widget-image\" data-id=\"8c121a5\" data-element_type=\"widget\" data-widget_type=\"image.default\">\n\t\t\t\t<div class=\"elementor-widget-container\">\n\t\t\t<style>\/*! elementor - v3.19.0 - 26-02-2024 *\/\n.elementor-widget-image{text-align:center}.elementor-widget-image a{display:inline-block}.elementor-widget-image a img[src$=\".svg\"]{width:48px}.elementor-widget-image img{vertical-align:middle;display:inline-block}<\/style>\t\t\t\t\t\t\t\t\t\t<img decoding=\"async\" src=\"https:\/\/ursulatrueb.ch\/wp-content\/uploads\/elementor\/thumbs\/2023-09-10_Ursula-Trueb-P1200282-2-qjxt1qozoby9ykznxghjdckig1xdlrweojyeolgjro.jpg\" title=\"2023-09-10_Ursula Tru\u0308b P1200282 2\" alt=\"2023-09-10_Ursula Tru\u0308b P1200282 2\" loading=\"lazy\" \/>\t\t\t\t\t\t\t\t\t\t\t\t\t<\/div>\n\t\t\t\t<\/div>\n\t\t\t\t<\/div>\n\t\t<div class=\"elementor-element elementor-element-248d8d5 e-con-full e-flex e-con e-child\" data-id=\"248d8d5\" data-element_type=\"container\" data-settings=\"{&quot;content_width&quot;:&quot;full&quot;}\">\n\t\t\t\t<div class=\"elementor-element elementor-element-6918a5a elementor-widget elementor-widget-text-editor\" data-id=\"6918a5a\" data-element_type=\"widget\" data-widget_type=\"text-editor.default\">\n\t\t\t\t<div class=\"elementor-widget-container\">\n\t\t\t\t\t\t\t<p>Diese Auseinandersetzung brachte mich dazu, mir den lang gehegten Wunsch zu erf\u00fcllen, Bewegungsp\u00e4dagogin zu werden. Dabei lernte ich die Feldenkrais Arbeit kennen. Das Interesse und die Begeisterung f\u00fcr diese Methode, f\u00fchrten mich dann zur Ausbildung als Feldenkrais Lehrerin. Seit 2005 arbeite ich in eigener Praxis und unterrichte Gruppen- und Einzelstunden.\u2028\u2028<\/p>\t\t\t\t\t\t<\/div>\n\t\t\t\t<\/div>\n\t\t\t\t<\/div>\n\t\t\t\t\t<\/div>\n\t\t\t\t<\/div>\n\t\t<div class=\"elementor-element elementor-element-f4feb22 e-flex e-con-boxed e-con e-parent\" data-id=\"f4feb22\" data-element_type=\"container\" data-settings=\"{&quot;content_width&quot;:&quot;boxed&quot;}\" data-core-v316-plus=\"true\">\n\t\t\t\t\t<div class=\"e-con-inner\">\n\t\t\t\t<div class=\"elementor-element elementor-element-2e165a5 elementor-widget elementor-widget-text-editor\" data-id=\"2e165a5\" data-element_type=\"widget\" data-widget_type=\"text-editor.default\">\n\t\t\t\t<div class=\"elementor-widget-container\">\n\t\t\t\t\t\t\t<p>Parallel dazu arbeitete ich bis im Herbst 2019 teilzeit in einem Pflegeheim, wo ich alte und demente Menschen pflegte. Diese Erfahrung im Umgang mit verschiedensten Menschen fliesst auch in meine T\u00e4tigkeit als Feldenkrais Lehrerin ein.<\/p>\t\t\t\t\t\t<\/div>\n\t\t\t\t<\/div>\n\t\t\t\t\t<\/div>\n\t\t\t\t<\/div>\n\t\t\t\t<\/div>\n\t\t","protected":false},"excerpt":{"rendered":"<p>Zu meiner Person Nach meiner Ausbildung zur Werklehrerin habe ich an einem Figurentheater mitgearbeitet (Figuren gestaltet und gespielt). Danach arbeitete ich lange als Offsetdruckerin. In dieser auch k\u00f6rperlich anstrengenden Arbeit wurde mir der sinnvolle Einsatz der K\u00f6rperkraft und Beweglichkeit mehr und mehr bewusst. Diese Auseinandersetzung brachte mich dazu, mir den lang gehegten Wunsch zu erf\u00fcllen, Bewegungsp\u00e4dagogin zu werden. Dabei lernte<\/p>\n<p><a class=\"more-link\" href=\"https:\/\/ursulatrueb.ch\/index.php\/person\/\">Weiterlesen<\/a><\/p>\n","protected":false},"author":2,"featured_media":0,"parent":0,"menu_order":0,"comment_status":"closed","ping_status":"closed","template":"templates\/template-full-width.php","meta":{"footnotes":""},"class_list":["post-24","page","type-page","status-publish","hentry"],"yoast_head":"<!-- This site is optimized with the Yoast SEO plugin v22.1 - https:\/\/yoast.com\/wordpress\/plugins\/seo\/ -->\n<title>Person<\/title>\n<meta name=\"description\" content=\"Feldenkrais Methode, Feldenkrais Lehrerin, Funktionale Integration, Einzelstunden, Gruppenunterricht, Schmerzen, Pr\u00e4vention\" \/>\n<meta name=\"robots\" content=\"index, follow, max-snippet:-1, max-image-preview:large, max-video-preview:-1\" \/>\n<link rel=\"canonical\" href=\"https:\/\/ursulatrueb.ch\/index.php\/person\/\" \/>\n<meta property=\"og:locale\" content=\"de_DE\" \/>\n<meta property=\"og:type\" content=\"article\" \/>\n<meta property=\"og:title\" content=\"Person\" \/>\n<meta property=\"og:description\" content=\"Feldenkrais Methode, Feldenkrais Lehrerin, Funktionale Integration, Einzelstunden, Gruppenunterricht, Schmerzen, Pr\u00e4vention\" \/>\n<meta property=\"og:url\" content=\"https:\/\/ursulatrueb.ch\/index.php\/person\/\" \/>\n<meta property=\"og:site_name\" content=\"Ursula Tr\u00fcb\" \/>\n<meta property=\"article:modified_time\" content=\"2024-07-02T09:15:01+00:00\" \/>\n<meta property=\"og:image\" content=\"https:\/\/ursulatrueb.ch\/wp-content\/uploads\/elementor\/thumbs\/2023-09-10_Ursula-Trueb-P1200282-2-qjxt1qozoby9ykznxghjdckig1xdlrweojyeolgjro.jpg\" \/>\n<meta name=\"twitter:card\" content=\"summary_large_image\" \/>\n<meta name=\"twitter:label1\" content=\"Gesch\u00e4tzte Lesezeit\" \/>\n\t<meta name=\"twitter:data1\" content=\"1\u00a0Minute\" \/>\n<script type=\"application\/ld+json\" class=\"yoast-schema-graph\">{\"@context\":\"https:\/\/schema.org\",\"@graph\":[{\"@type\":\"WebPage\",\"@id\":\"https:\/\/ursulatrueb.ch\/index.php\/person\/\",\"url\":\"https:\/\/ursulatrueb.ch\/index.php\/person\/\",\"name\":\"Person\",\"isPartOf\":{\"@id\":\"https:\/\/ursulatrueb.ch\/#website\"},\"datePublished\":\"2023-12-12T21:04:40+00:00\",\"dateModified\":\"2024-07-02T09:15:01+00:00\",\"description\":\"Feldenkrais Methode, Feldenkrais Lehrerin, Funktionale Integration, Einzelstunden, Gruppenunterricht, Schmerzen, Pr\u00e4vention\",\"breadcrumb\":{\"@id\":\"https:\/\/ursulatrueb.ch\/index.php\/person\/#breadcrumb\"},\"inLanguage\":\"de\",\"potentialAction\":[{\"@type\":\"ReadAction\",\"target\":[\"https:\/\/ursulatrueb.ch\/index.php\/person\/\"]}]},{\"@type\":\"BreadcrumbList\",\"@id\":\"https:\/\/ursulatrueb.ch\/index.php\/person\/#breadcrumb\",\"itemListElement\":[{\"@type\":\"ListItem\",\"position\":1,\"name\":\"Startseite\",\"item\":\"https:\/\/ursulatrueb.ch\/\"},{\"@type\":\"ListItem\",\"position\":2,\"name\":\"Person\"}]},{\"@type\":\"WebSite\",\"@id\":\"https:\/\/ursulatrueb.ch\/#website\",\"url\":\"https:\/\/ursulatrueb.ch\/\",\"name\":\"Ursula Tr\u00fcb Feldenkrais Lehrerin\",\"description\":\"Feldenkrais Lehrerin SFV\",\"publisher\":{\"@id\":\"https:\/\/ursulatrueb.ch\/#\/schema\/person\/3f39a1ffee7b6db26976013ac9a15657\"},\"potentialAction\":[{\"@type\":\"SearchAction\",\"target\":{\"@type\":\"EntryPoint\",\"urlTemplate\":\"https:\/\/ursulatrueb.ch\/?s={search_term_string}\"},\"query-input\":\"required name=search_term_string\"}],\"inLanguage\":\"de\"},{\"@type\":[\"Person\",\"Organization\"],\"@id\":\"https:\/\/ursulatrueb.ch\/#\/schema\/person\/3f39a1ffee7b6db26976013ac9a15657\",\"name\":\"Nicole Baur\",\"image\":{\"@type\":\"ImageObject\",\"inLanguage\":\"de\",\"@id\":\"https:\/\/ursulatrueb.ch\/#\/schema\/person\/image\/\",\"url\":\"https:\/\/secure.gravatar.com\/avatar\/d2e7724e509a20ef534000fc35a21b1c27b4cf00c74f7e7e1bf601637107bc29?s=96&d=mm&r=g\",\"contentUrl\":\"https:\/\/secure.gravatar.com\/avatar\/d2e7724e509a20ef534000fc35a21b1c27b4cf00c74f7e7e1bf601637107bc29?s=96&d=mm&r=g\",\"caption\":\"Nicole Baur\"},\"logo\":{\"@id\":\"https:\/\/ursulatrueb.ch\/#\/schema\/person\/image\/\"}}]}<\/script>\n<!-- \/ Yoast SEO plugin. -->","yoast_head_json":{"title":"Person","description":"Feldenkrais Methode, Feldenkrais Lehrerin, Funktionale Integration, Einzelstunden, Gruppenunterricht, Schmerzen, Pr\u00e4vention","robots":{"index":"index","follow":"follow","max-snippet":"max-snippet:-1","max-image-preview":"max-image-preview:large","max-video-preview":"max-video-preview:-1"},"canonical":"https:\/\/ursulatrueb.ch\/index.php\/person\/","og_locale":"de_DE","og_type":"article","og_title":"Person","og_description":"Feldenkrais Methode, Feldenkrais Lehrerin, Funktionale Integration, Einzelstunden, Gruppenunterricht, Schmerzen, Pr\u00e4vention","og_url":"https:\/\/ursulatrueb.ch\/index.php\/person\/","og_site_name":"Ursula Tr\u00fcb","article_modified_time":"2024-07-02T09:15:01+00:00","og_image":[{"url":"https:\/\/ursulatrueb.ch\/wp-content\/uploads\/elementor\/thumbs\/2023-09-10_Ursula-Trueb-P1200282-2-qjxt1qozoby9ykznxghjdckig1xdlrweojyeolgjro.jpg"}],"twitter_card":"summary_large_image","twitter_misc":{"Gesch\u00e4tzte Lesezeit":"1\u00a0Minute"},"schema":{"@context":"https:\/\/schema.org","@graph":[{"@type":"WebPage","@id":"https:\/\/ursulatrueb.ch\/index.php\/person\/","url":"https:\/\/ursulatrueb.ch\/index.php\/person\/","name":"Person","isPartOf":{"@id":"https:\/\/ursulatrueb.ch\/#website"},"datePublished":"2023-12-12T21:04:40+00:00","dateModified":"2024-07-02T09:15:01+00:00","description":"Feldenkrais Methode, Feldenkrais Lehrerin, Funktionale Integration, Einzelstunden, Gruppenunterricht, Schmerzen, Pr\u00e4vention","breadcrumb":{"@id":"https:\/\/ursulatrueb.ch\/index.php\/person\/#breadcrumb"},"inLanguage":"de","potentialAction":[{"@type":"ReadAction","target":["https:\/\/ursulatrueb.ch\/index.php\/person\/"]}]},{"@type":"BreadcrumbList","@id":"https:\/\/ursulatrueb.ch\/index.php\/person\/#breadcrumb","itemListElement":[{"@type":"ListItem","position":1,"name":"Startseite","item":"https:\/\/ursulatrueb.ch\/"},{"@type":"ListItem","position":2,"name":"Person"}]},{"@type":"WebSite","@id":"https:\/\/ursulatrueb.ch\/#website","url":"https:\/\/ursulatrueb.ch\/","name":"Ursula Tr\u00fcb Feldenkrais Lehrerin","description":"Feldenkrais Lehrerin SFV","publisher":{"@id":"https:\/\/ursulatrueb.ch\/#\/schema\/person\/3f39a1ffee7b6db26976013ac9a15657"},"potentialAction":[{"@type":"SearchAction","target":{"@type":"EntryPoint","urlTemplate":"https:\/\/ursulatrueb.ch\/?s={search_term_string}"},"query-input":"required name=search_term_string"}],"inLanguage":"de"},{"@type":["Person","Organization"],"@id":"https:\/\/ursulatrueb.ch\/#\/schema\/person\/3f39a1ffee7b6db26976013ac9a15657","name":"Nicole Baur","image":{"@type":"ImageObject","inLanguage":"de","@id":"https:\/\/ursulatrueb.ch\/#\/schema\/person\/image\/","url":"https:\/\/secure.gravatar.com\/avatar\/d2e7724e509a20ef534000fc35a21b1c27b4cf00c74f7e7e1bf601637107bc29?s=96&d=mm&r=g","contentUrl":"https:\/\/secure.gravatar.com\/avatar\/d2e7724e509a20ef534000fc35a21b1c27b4cf00c74f7e7e1bf601637107bc29?s=96&d=mm&r=g","caption":"Nicole Baur"},"logo":{"@id":"https:\/\/ursulatrueb.ch\/#\/schema\/person\/image\/"}}]}},"_links":{"self":[{"href":"https:\/\/ursulatrueb.ch\/index.php\/wp-json\/wp\/v2\/pages\/24","targetHints":{"allow":["GET"]}}],"collection":[{"href":"https:\/\/ursulatrueb.ch\/index.php\/wp-json\/wp\/v2\/pages"}],"about":[{"href":"https:\/\/ursulatrueb.ch\/index.php\/wp-json\/wp\/v2\/types\/page"}],"author":[{"embeddable":true,"href":"https:\/\/ursulatrueb.ch\/index.php\/wp-json\/wp\/v2\/users\/2"}],"replies":[{"embeddable":true,"href":"https:\/\/ursulatrueb.ch\/index.php\/wp-json\/wp\/v2\/comments?post=24"}],"version-history":[{"count":101,"href":"https:\/\/ursulatrueb.ch\/index.php\/wp-json\/wp\/v2\/pages\/24\/revisions"}],"predecessor-version":[{"id":566,"href":"https:\/\/ursulatrueb.ch\/index.php\/wp-json\/wp\/v2\/pages\/24\/revisions\/566"}],"wp:attachment":[{"href":"https:\/\/ursulatrueb.ch\/index.php\/wp-json\/wp\/v2\/media?parent=24"}],"curies":[{"name":"wp","href":"https:\/\/api.w.org\/{rel}","templated":true}]}}