{"id":22,"date":"2023-12-12T21:03:58","date_gmt":"2023-12-12T21:03:58","guid":{"rendered":"https:\/\/ursulatrueb.ch\/?page_id=22"},"modified":"2024-07-02T09:18:59","modified_gmt":"2024-07-02T09:18:59","slug":"fuer-wen","status":"publish","type":"page","link":"https:\/\/ursulatrueb.ch\/index.php\/fuer-wen\/","title":{"rendered":"F\u00fcr wen"},"content":{"rendered":"\t\t<div data-elementor-type=\"wp-page\" data-elementor-id=\"22\" class=\"elementor elementor-22\">\n\t\t\t\t<div class=\"elementor-element elementor-element-4f5a55be e-flex e-con-boxed e-con e-parent\" data-id=\"4f5a55be\" data-element_type=\"container\" data-settings=\"{&quot;content_width&quot;:&quot;boxed&quot;}\" data-core-v316-plus=\"true\">\n\t\t\t\t\t<div class=\"e-con-inner\">\n\t\t\t\t<div class=\"elementor-element elementor-element-3a90737a elementor-widget__width-inherit elementor-widget elementor-widget-text-editor\" data-id=\"3a90737a\" data-element_type=\"widget\" data-widget_type=\"text-editor.default\">\n\t\t\t\t<div class=\"elementor-widget-container\">\n\t\t\t<style>\/*! elementor - v3.19.0 - 26-02-2024 *\/\n.elementor-widget-text-editor.elementor-drop-cap-view-stacked .elementor-drop-cap{background-color:#69727d;color:#fff}.elementor-widget-text-editor.elementor-drop-cap-view-framed .elementor-drop-cap{color:#69727d;border:3px solid;background-color:transparent}.elementor-widget-text-editor:not(.elementor-drop-cap-view-default) .elementor-drop-cap{margin-top:8px}.elementor-widget-text-editor:not(.elementor-drop-cap-view-default) .elementor-drop-cap-letter{width:1em;height:1em}.elementor-widget-text-editor .elementor-drop-cap{float:left;text-align:center;line-height:1;font-size:50px}.elementor-widget-text-editor .elementor-drop-cap-letter{display:inline-block}<\/style>\t\t\t\t<!-- wp:paragraph -->\n<h1><strong>F\u00fcr wen ist Feldenkrais geeignet<br \/><\/strong><\/h1>\n<p style=\"text-align: left;\">F\u00fcr alle, die Ihre Gesundheit und Lebensqualit\u00e4t st\u00e4rken oder verbessern m\u00f6chten, ihr Wohlbefinden und ihre Selbstbewusstheit steigern und ihren Alltag leichter und beweglicher gestalten m\u00f6chten.<\/p>\n<h1><strong>Fragen<\/strong><\/h1>\n<!-- \/wp:paragraph --><!-- wp:list -->\n<ul><!-- wp:list-item -->\n<li style=\"text-align: left;\">Schmerzt Ihnen \u00f6fters der Nacken, Schultern, Arme, R\u00fccken, Kopf, \u2026.?<\/li>\n<!-- \/wp:list-item --><!-- wp:list-item -->\n<li style=\"text-align: left;\">F\u00fchlen Sie sich in Ihren Bewegungen eingeschr\u00e4nkt?<\/li>\n<!-- \/wp:list-item --><!-- wp:list-item -->\n<li style=\"text-align: left;\">Strengt Sie das Gehen, Stehen, Sitzen unn\u00f6tig an?<\/li>\n<!-- \/wp:list-item --><!-- wp:list-item -->\n<li style=\"text-align: left;\">M\u00f6chten Sie Verspannungen, chronische Schmerzen lindern?<\/li>\n<!-- \/wp:list-item --><!-- wp:list-item -->\n<li style=\"text-align: left;\">M\u00f6chten Sie sich ganz einfach leichter und anmutiger bewegen?<\/li>\n<!-- \/wp:list-item --><\/ul>\n<!-- \/wp:list --><!-- wp:paragraph -->\n<p>Feldenkrais wird in der Pr\u00e4vention und Rehabilitation eingesetzt<br \/>(aus der Brosch\u00fcre \u201eLernen in Bewegung\u201c, Feldenkrais-Verband Deutschland)<\/p>\n<!-- \/wp:paragraph --><!-- wp:list -->\n<ul><!-- wp:list-item -->\n<li>Bei Bewegungsbeeintr\u00e4chigungen auf grund oder infolge einseitiger Belastung, bei rheumatischen Erkrankungen,<\/li>\n<!-- \/wp:list-item --><!-- wp:list-item -->\n<li>Nach Unfall oder wegen neurologisch bedingter motorischer St\u00f6rungen<\/li>\n<!-- \/wp:list-item --><!-- wp:list-item -->\n<li>Zur Ausbildung und Verbesserung koordinativer F\u00e4higkeiten<\/li>\n<!-- \/wp:list-item --><!-- wp:list-item -->\n<li>Zur R\u00fcckgewinnung grundlegender Bewegungsmuster, auch nach Gelenkoperationen<\/li>\n<!-- \/wp:list-item --><!-- wp:list-item -->\n<li>Bei psychosomatisch bedingten Beschwerden<\/li>\n<!-- \/wp:list-item --><!-- wp:list-item -->\n<li>Bei psychischer oder k\u00f6rperlicher Labilit\u00e4t, gest\u00f6rtem Selbstwertgef\u00fchl, &#8211; fehlendem Selbstvertrauen, Angst vor Selbstverantwortung<\/li>\n<!-- \/wp:list-item --><!-- wp:list-item --><!-- \/wp:list-item --><!-- wp:list-item -->\n<li>Bei stressbedingten Symptomen wie Schlaflosigkeit oder Burn-out<\/li>\n<!-- \/wp:list-item --><!-- wp:list-item -->\n<li>Zur Schmerzregulation<\/li>\n<!-- \/wp:list-item --><\/ul>\n<!-- \/wp:list --><!-- wp:paragraph --><!-- \/wp:paragraph -->\t\t\t\t\t\t<\/div>\n\t\t\t\t<\/div>\n\t\t\t\t\t<\/div>\n\t\t\t\t<\/div>\n\t\t\t\t<\/div>\n\t\t","protected":false},"excerpt":{"rendered":"<p>F\u00fcr wen ist Feldenkrais geeignet F\u00fcr alle, die Ihre Gesundheit und Lebensqualit\u00e4t st\u00e4rken oder verbessern m\u00f6chten, ihr Wohlbefinden und ihre Selbstbewusstheit steigern und ihren Alltag leichter und beweglicher gestalten m\u00f6chten. Fragen Feldenkrais wird in der Pr\u00e4vention und Rehabilitation eingesetzt(aus der Brosch\u00fcre \u201eLernen in Bewegung\u201c, Feldenkrais-Verband Deutschland)<\/p>\n","protected":false},"author":2,"featured_media":0,"parent":0,"menu_order":0,"comment_status":"closed","ping_status":"closed","template":"templates\/template-full-width.php","meta":{"footnotes":""},"class_list":["post-22","page","type-page","status-publish","hentry"],"yoast_head":"<!-- This site is optimized with the Yoast SEO plugin v22.1 - https:\/\/yoast.com\/wordpress\/plugins\/seo\/ -->\n<title>F\u00fcr wen - Ursula Tr\u00fcb<\/title>\n<meta name=\"description\" content=\"Feldenkrais Methode, Bewegung, Beweglichkeit, Leichtigkeit, Schmerzen, Pr\u00e4vention, Feldenkrais Lehrerin, Funktionale Integration\" \/>\n<meta name=\"robots\" content=\"index, follow, max-snippet:-1, max-image-preview:large, max-video-preview:-1\" \/>\n<link rel=\"canonical\" href=\"https:\/\/ursulatrueb.ch\/index.php\/fuer-wen\/\" \/>\n<meta property=\"og:locale\" content=\"de_DE\" \/>\n<meta property=\"og:type\" content=\"article\" \/>\n<meta property=\"og:title\" content=\"F\u00fcr wen - Ursula Tr\u00fcb\" \/>\n<meta property=\"og:description\" content=\"Feldenkrais Methode, Bewegung, Beweglichkeit, Leichtigkeit, Schmerzen, Pr\u00e4vention, Feldenkrais Lehrerin, Funktionale Integration\" \/>\n<meta property=\"og:url\" content=\"https:\/\/ursulatrueb.ch\/index.php\/fuer-wen\/\" \/>\n<meta property=\"og:site_name\" content=\"Ursula Tr\u00fcb\" \/>\n<meta property=\"article:modified_time\" content=\"2024-07-02T09:18:59+00:00\" \/>\n<meta name=\"twitter:card\" content=\"summary_large_image\" \/>\n<meta name=\"twitter:label1\" content=\"Gesch\u00e4tzte Lesezeit\" \/>\n\t<meta name=\"twitter:data1\" content=\"1\u00a0Minute\" \/>\n<script type=\"application\/ld+json\" class=\"yoast-schema-graph\">{\"@context\":\"https:\/\/schema.org\",\"@graph\":[{\"@type\":\"WebPage\",\"@id\":\"https:\/\/ursulatrueb.ch\/index.php\/fuer-wen\/\",\"url\":\"https:\/\/ursulatrueb.ch\/index.php\/fuer-wen\/\",\"name\":\"F\u00fcr wen - Ursula Tr\u00fcb\",\"isPartOf\":{\"@id\":\"https:\/\/ursulatrueb.ch\/#website\"},\"datePublished\":\"2023-12-12T21:03:58+00:00\",\"dateModified\":\"2024-07-02T09:18:59+00:00\",\"description\":\"Feldenkrais Methode, Bewegung, Beweglichkeit, Leichtigkeit, Schmerzen, Pr\u00e4vention, Feldenkrais Lehrerin, Funktionale Integration\",\"breadcrumb\":{\"@id\":\"https:\/\/ursulatrueb.ch\/index.php\/fuer-wen\/#breadcrumb\"},\"inLanguage\":\"de\",\"potentialAction\":[{\"@type\":\"ReadAction\",\"target\":[\"https:\/\/ursulatrueb.ch\/index.php\/fuer-wen\/\"]}]},{\"@type\":\"BreadcrumbList\",\"@id\":\"https:\/\/ursulatrueb.ch\/index.php\/fuer-wen\/#breadcrumb\",\"itemListElement\":[{\"@type\":\"ListItem\",\"position\":1,\"name\":\"Startseite\",\"item\":\"https:\/\/ursulatrueb.ch\/\"},{\"@type\":\"ListItem\",\"position\":2,\"name\":\"F\u00fcr wen\"}]},{\"@type\":\"WebSite\",\"@id\":\"https:\/\/ursulatrueb.ch\/#website\",\"url\":\"https:\/\/ursulatrueb.ch\/\",\"name\":\"Ursula Tr\u00fcb Feldenkrais Lehrerin\",\"description\":\"Feldenkrais Lehrerin SFV\",\"publisher\":{\"@id\":\"https:\/\/ursulatrueb.ch\/#\/schema\/person\/3f39a1ffee7b6db26976013ac9a15657\"},\"potentialAction\":[{\"@type\":\"SearchAction\",\"target\":{\"@type\":\"EntryPoint\",\"urlTemplate\":\"https:\/\/ursulatrueb.ch\/?s={search_term_string}\"},\"query-input\":\"required name=search_term_string\"}],\"inLanguage\":\"de\"},{\"@type\":[\"Person\",\"Organization\"],\"@id\":\"https:\/\/ursulatrueb.ch\/#\/schema\/person\/3f39a1ffee7b6db26976013ac9a15657\",\"name\":\"Nicole Baur\",\"image\":{\"@type\":\"ImageObject\",\"inLanguage\":\"de\",\"@id\":\"https:\/\/ursulatrueb.ch\/#\/schema\/person\/image\/\",\"url\":\"https:\/\/secure.gravatar.com\/avatar\/d2e7724e509a20ef534000fc35a21b1c27b4cf00c74f7e7e1bf601637107bc29?s=96&d=mm&r=g\",\"contentUrl\":\"https:\/\/secure.gravatar.com\/avatar\/d2e7724e509a20ef534000fc35a21b1c27b4cf00c74f7e7e1bf601637107bc29?s=96&d=mm&r=g\",\"caption\":\"Nicole Baur\"},\"logo\":{\"@id\":\"https:\/\/ursulatrueb.ch\/#\/schema\/person\/image\/\"}}]}<\/script>\n<!-- \/ Yoast SEO plugin. -->","yoast_head_json":{"title":"F\u00fcr wen - Ursula Tr\u00fcb","description":"Feldenkrais Methode, Bewegung, Beweglichkeit, Leichtigkeit, Schmerzen, Pr\u00e4vention, Feldenkrais Lehrerin, Funktionale Integration","robots":{"index":"index","follow":"follow","max-snippet":"max-snippet:-1","max-image-preview":"max-image-preview:large","max-video-preview":"max-video-preview:-1"},"canonical":"https:\/\/ursulatrueb.ch\/index.php\/fuer-wen\/","og_locale":"de_DE","og_type":"article","og_title":"F\u00fcr wen - Ursula Tr\u00fcb","og_description":"Feldenkrais Methode, Bewegung, Beweglichkeit, Leichtigkeit, Schmerzen, Pr\u00e4vention, Feldenkrais Lehrerin, Funktionale Integration","og_url":"https:\/\/ursulatrueb.ch\/index.php\/fuer-wen\/","og_site_name":"Ursula Tr\u00fcb","article_modified_time":"2024-07-02T09:18:59+00:00","twitter_card":"summary_large_image","twitter_misc":{"Gesch\u00e4tzte Lesezeit":"1\u00a0Minute"},"schema":{"@context":"https:\/\/schema.org","@graph":[{"@type":"WebPage","@id":"https:\/\/ursulatrueb.ch\/index.php\/fuer-wen\/","url":"https:\/\/ursulatrueb.ch\/index.php\/fuer-wen\/","name":"F\u00fcr wen - Ursula Tr\u00fcb","isPartOf":{"@id":"https:\/\/ursulatrueb.ch\/#website"},"datePublished":"2023-12-12T21:03:58+00:00","dateModified":"2024-07-02T09:18:59+00:00","description":"Feldenkrais Methode, Bewegung, Beweglichkeit, Leichtigkeit, Schmerzen, Pr\u00e4vention, Feldenkrais Lehrerin, Funktionale Integration","breadcrumb":{"@id":"https:\/\/ursulatrueb.ch\/index.php\/fuer-wen\/#breadcrumb"},"inLanguage":"de","potentialAction":[{"@type":"ReadAction","target":["https:\/\/ursulatrueb.ch\/index.php\/fuer-wen\/"]}]},{"@type":"BreadcrumbList","@id":"https:\/\/ursulatrueb.ch\/index.php\/fuer-wen\/#breadcrumb","itemListElement":[{"@type":"ListItem","position":1,"name":"Startseite","item":"https:\/\/ursulatrueb.ch\/"},{"@type":"ListItem","position":2,"name":"F\u00fcr wen"}]},{"@type":"WebSite","@id":"https:\/\/ursulatrueb.ch\/#website","url":"https:\/\/ursulatrueb.ch\/","name":"Ursula Tr\u00fcb Feldenkrais Lehrerin","description":"Feldenkrais Lehrerin SFV","publisher":{"@id":"https:\/\/ursulatrueb.ch\/#\/schema\/person\/3f39a1ffee7b6db26976013ac9a15657"},"potentialAction":[{"@type":"SearchAction","target":{"@type":"EntryPoint","urlTemplate":"https:\/\/ursulatrueb.ch\/?s={search_term_string}"},"query-input":"required name=search_term_string"}],"inLanguage":"de"},{"@type":["Person","Organization"],"@id":"https:\/\/ursulatrueb.ch\/#\/schema\/person\/3f39a1ffee7b6db26976013ac9a15657","name":"Nicole Baur","image":{"@type":"ImageObject","inLanguage":"de","@id":"https:\/\/ursulatrueb.ch\/#\/schema\/person\/image\/","url":"https:\/\/secure.gravatar.com\/avatar\/d2e7724e509a20ef534000fc35a21b1c27b4cf00c74f7e7e1bf601637107bc29?s=96&d=mm&r=g","contentUrl":"https:\/\/secure.gravatar.com\/avatar\/d2e7724e509a20ef534000fc35a21b1c27b4cf00c74f7e7e1bf601637107bc29?s=96&d=mm&r=g","caption":"Nicole Baur"},"logo":{"@id":"https:\/\/ursulatrueb.ch\/#\/schema\/person\/image\/"}}]}},"_links":{"self":[{"href":"https:\/\/ursulatrueb.ch\/index.php\/wp-json\/wp\/v2\/pages\/22","targetHints":{"allow":["GET"]}}],"collection":[{"href":"https:\/\/ursulatrueb.ch\/index.php\/wp-json\/wp\/v2\/pages"}],"about":[{"href":"https:\/\/ursulatrueb.ch\/index.php\/wp-json\/wp\/v2\/types\/page"}],"author":[{"embeddable":true,"href":"https:\/\/ursulatrueb.ch\/index.php\/wp-json\/wp\/v2\/users\/2"}],"replies":[{"embeddable":true,"href":"https:\/\/ursulatrueb.ch\/index.php\/wp-json\/wp\/v2\/comments?post=22"}],"version-history":[{"count":56,"href":"https:\/\/ursulatrueb.ch\/index.php\/wp-json\/wp\/v2\/pages\/22\/revisions"}],"predecessor-version":[{"id":572,"href":"https:\/\/ursulatrueb.ch\/index.php\/wp-json\/wp\/v2\/pages\/22\/revisions\/572"}],"wp:attachment":[{"href":"https:\/\/ursulatrueb.ch\/index.php\/wp-json\/wp\/v2\/media?parent=22"}],"curies":[{"name":"wp","href":"https:\/\/api.w.org\/{rel}","templated":true}]}}